{"id":181,"date":"2014-05-02T21:34:18","date_gmt":"2014-05-02T19:34:18","guid":{"rendered":"http:\/\/prilok.com\/wp\/?page_id=181"},"modified":"2023-04-15T21:41:42","modified_gmt":"2023-04-15T19:41:42","slug":"c1e","status":"publish","type":"page","link":"https:\/\/prilok.com\/index.php\/c1e\/","title":{"rendered":"C1E"},"content":{"rendered":"<h1><span style=\"color: #ff0000;\">Kategorija C1E<\/span><\/h1>\n<ul>\n<li>vu?no vozilo C1 kategorije + priklju?no vozilo<\/li>\n<li>najve?a dopu?tena masa kombinacije ?12 000 kg<\/li>\n<\/ul>\n<ul>\n<li>18 godina starosti<\/li>\n<li>UVJET: posjedovanje voza?ke dozvole C1 kategorije<\/li>\n<li>lije?ni?ko uvjerenje pri upisu u auto-?kolu<\/li>\n<\/ul>\n<h6>PROGRAM OSPOSOBLJAVANJA:<\/h6>\n<ul>\n<li>5 sati predavanja iz propisa, 10 sati vo?nje<\/li>\n<\/ul>\n<h2>Online prijavnica<\/h2>\n\n<div class=\"wpcf7 no-js\" id=\"wpcf7-f401-o1\" lang=\"hr\" dir=\"ltr\">\n<div class=\"screen-reader-response\"><p role=\"status\" aria-live=\"polite\" aria-atomic=\"true\"><\/p> <ul><\/ul><\/div>\n<form action=\"\/index.php\/wp-json\/wp\/v2\/pages\/181#wpcf7-f401-o1\" method=\"post\" class=\"wpcf7-form init\" aria-label=\"Kontakt obrazac\" novalidate=\"novalidate\" data-status=\"init\">\n<div style=\"display: none;\">\n<input type=\"hidden\" name=\"_wpcf7\" value=\"401\" \/>\n<input type=\"hidden\" name=\"_wpcf7_version\" value=\"5.7.5.1\" \/>\n<input type=\"hidden\" name=\"_wpcf7_locale\" value=\"hr\" \/>\n<input type=\"hidden\" name=\"_wpcf7_unit_tag\" value=\"wpcf7-f401-o1\" \/>\n<input type=\"hidden\" name=\"_wpcf7_container_post\" value=\"0\" \/>\n<input type=\"hidden\" name=\"_wpcf7_posted_data_hash\" value=\"\" \/>\n<\/div>\n<p>Va\u0161e ime (obavezno)\n<\/p>\n<p><span class=\"wpcf7-form-control-wrap\" data-name=\"your-name\"><input size=\"40\" class=\"wpcf7-form-control wpcf7-text wpcf7-validates-as-required\" aria-required=\"true\" aria-invalid=\"false\" value=\"\" type=\"text\" name=\"your-name\" \/><\/span>\n<\/p>\n<p>Ime oca (obavezno)\n<\/p>\n<p><span class=\"wpcf7-form-control-wrap\" data-name=\"Imeoca\"><input size=\"40\" class=\"wpcf7-form-control wpcf7-text wpcf7-validates-as-required\" aria-required=\"true\" aria-invalid=\"false\" value=\"\" type=\"text\" name=\"Imeoca\" \/><\/span>\n<\/p>\n<p>OIB (obavezno)<br \/>\n<span class=\"wpcf7-form-control-wrap\" data-name=\"OIB\"><input size=\"40\" class=\"wpcf7-form-control wpcf7-text wpcf7-validates-as-required\" aria-required=\"true\" aria-invalid=\"false\" value=\"\" type=\"text\" name=\"OIB\" \/><\/span>\n<\/p>\n<p>Datum ro\u0111enja <strong>yyyy-mm-dd<\/strong> (obavezno)<br \/>\n<span class=\"wpcf7-form-control-wrap\" data-name=\"Datumrodenja\"><input class=\"wpcf7-form-control wpcf7-date wpcf7-validates-as-required wpcf7-validates-as-date\" aria-required=\"true\" aria-invalid=\"false\" value=\"\" type=\"date\" name=\"Datumrodenja\" \/><\/span>\n<\/p>\n<p>Mjesto ro\u0111enja (obavezno)<br \/>\n<span class=\"wpcf7-form-control-wrap\" data-name=\"Mjestorodenja\"><input size=\"40\" class=\"wpcf7-form-control wpcf7-text wpcf7-validates-as-required\" aria-required=\"true\" aria-invalid=\"false\" value=\"\" type=\"text\" name=\"Mjestorodenja\" \/><\/span>\n<\/p>\n<p>Va\u0161 Email (obavezno)\n<\/p>\n<p><span class=\"wpcf7-form-control-wrap\" data-name=\"your-email\"><input size=\"40\" class=\"wpcf7-form-control wpcf7-text wpcf7-email wpcf7-validates-as-required wpcf7-validates-as-email\" aria-required=\"true\" aria-invalid=\"false\" value=\"\" type=\"email\" name=\"your-email\" \/><\/span>\n<\/p>\n<p>Va\u0161 telefon\n<\/p>\n<p><span class=\"wpcf7-form-control-wrap\" data-name=\"tel-447\"><input size=\"40\" class=\"wpcf7-form-control wpcf7-text wpcf7-tel wpcf7-validates-as-tel\" aria-invalid=\"false\" value=\"\" type=\"tel\" name=\"tel-447\" \/><\/span>\n<\/p>\n<p>Preferiram instruktora:\n<\/p>\n<p><span class=\"wpcf7-form-control-wrap\" data-name=\"Preferiraniinstruktor\"><select class=\"wpcf7-form-control wpcf7-select\" aria-invalid=\"false\" name=\"Preferiraniinstruktor\"><option value=\"\">&#8212;Molim odaberite jednu opciju&#8212;<\/option><option value=\"Pero\">Pero<\/option><option value=\"\u0160tefek\">\u0160tefek<\/option><option value=\"Marica\">Marica<\/option><\/select><\/span>\n<\/p>\n<p>Va\u0161a Poruka\n<\/p>\n<p><span class=\"wpcf7-form-control-wrap\" data-name=\"your-message\"><textarea cols=\"40\" rows=\"10\" class=\"wpcf7-form-control wpcf7-textarea\" aria-invalid=\"false\" name=\"your-message\"><\/textarea><\/span>\n<\/p>\n<p>Suglasan sam da se moji osobni podaci koriste isklju\u010divo za obradu mog upita, te da se s njima postupa u skladu sa Zakonom o za\u0161titi osobnih podataka. Upoznat sam sa \u010dinjenicom da \u0107e moji podaci biti izbrisani najkasnije u zakonskom roku.<br \/>\nTako\u0111er sam upoznat sa \u010dinjenicom da putem e-maila autoskola@prilok.com u svakom trenutku mogu ulo\u017eiti prigovor na spremanje, obradu i kori\u0161tenje mojih osobnih podataka.<br \/>\nU tom slu\u010daju \u0107e moji osobni podaci biti izbrisani, odnosno onemogu\u0107it \u0107e se njihovo kori\u0161tenje.\n<\/p>\n<p><span class=\"wpcf7-form-control-wrap\" data-name=\"Prihvacam\"><span class=\"wpcf7-form-control wpcf7-checkbox wpcf7-validates-as-required wpcf7-exclusive-checkbox\"><span class=\"wpcf7-list-item first last\"><span class=\"wpcf7-list-item-label\">Sla\u017eem se<\/span><input type=\"checkbox\" name=\"Prihvacam\" value=\"Sla\u017eem se\" \/><\/span><\/span><\/span>\n<\/p>\n<p><input class=\"wpcf7-form-control has-spinner wpcf7-submit\" type=\"submit\" value=\"Po\u0161alji\" \/>\n<\/p><div class=\"wpcf7-response-output\" aria-hidden=\"true\"><\/div>\n<\/form>\n<\/div>\n\n","protected":false},"excerpt":{"rendered":"<p>Kategorija C1E vu?no vozilo C1 kategorije + priklju?no vozilo najve?a dopu?tena masa kombinacije ?12 000 kg 18 godina starosti UVJET: posjedovanje voza?ke dozvole C1 kategorije lije?ni?ko uvjerenje pri upisu u auto-?kolu PROGRAM OSPOSOBLJAVANJA: 5 sati predavanja iz propisa, 10 sati vo?nje Online prijavnica<\/p>\n","protected":false},"author":1,"featured_media":0,"parent":0,"menu_order":0,"comment_status":"closed","ping_status":"closed","template":"","meta":[],"_links":{"self":[{"href":"https:\/\/prilok.com\/index.php\/wp-json\/wp\/v2\/pages\/181"}],"collection":[{"href":"https:\/\/prilok.com\/index.php\/wp-json\/wp\/v2\/pages"}],"about":[{"href":"https:\/\/prilok.com\/index.php\/wp-json\/wp\/v2\/types\/page"}],"author":[{"embeddable":true,"href":"https:\/\/prilok.com\/index.php\/wp-json\/wp\/v2\/users\/1"}],"replies":[{"embeddable":true,"href":"https:\/\/prilok.com\/index.php\/wp-json\/wp\/v2\/comments?post=181"}],"version-history":[{"count":10,"href":"https:\/\/prilok.com\/index.php\/wp-json\/wp\/v2\/pages\/181\/revisions"}],"predecessor-version":[{"id":712,"href":"https:\/\/prilok.com\/index.php\/wp-json\/wp\/v2\/pages\/181\/revisions\/712"}],"wp:attachment":[{"href":"https:\/\/prilok.com\/index.php\/wp-json\/wp\/v2\/media?parent=181"}],"curies":[{"name":"wp","href":"https:\/\/api.w.org\/{rel}","templated":true}]}}